{"id":35,"date":"2025-07-02T16:28:37","date_gmt":"2025-07-02T16:28:37","guid":{"rendered":"https:\/\/ingmyd.cl\/?page_id=35"},"modified":"2025-07-09T01:29:09","modified_gmt":"2025-07-09T01:29:09","slug":"contacto","status":"publish","type":"page","link":"https:\/\/ingmyd.cl\/index.php\/contacto\/","title":{"rendered":"CONTACTO"},"content":{"rendered":"<p>[et_pb_section fb_built=\u00bb1&#8243; fullwidth=\u00bbon\u00bb theme_builder_area=\u00bbpost_content\u00bb _builder_version=\u00bb4.27.2&#8243; _module_preset=\u00bbdefault\u00bb bottom_divider_style=\u00bbarrow\u00bb bottom_divider_color=\u00bb#FFFFFF\u00bb bottom_divider_height=\u00bb44px\u00bb hover_enabled=\u00bb0&#8243; sticky_enabled=\u00bb0&#8243;][et_pb_fullwidth_slider _builder_version=\u00bb4.27.2&#8243; _module_preset=\u00bbdefault\u00bb theme_builder_area=\u00bbpost_content\u00bb hover_enabled=\u00bb0&#8243; sticky_enabled=\u00bb0&#8243; use_bg_overlay=\u00bboff\u00bb text_shadow_style=\u00bbpreset3&#8243; custom_padding=\u00bb||207px|||\u00bb][et_pb_slide heading=\u00bbCONT\u00c1CTANOS\u00bb _builder_version=\u00bb4.27.2&#8243; _module_preset=\u00bbdefault\u00bb theme_builder_area=\u00bbpost_content\u00bb header_font=\u00bb|700|||||||\u00bb hover_enabled=\u00bb0&#8243; sticky_enabled=\u00bb0&#8243; background_enable_color=\u00bboff\u00bb title_text=\u00bbun-electricista-un-tecnico-electrico-trabajando-en-una-centralita\u00bb background_image=\u00bbhttps:\/\/ingmyd.cl\/wp-content\/uploads\/2025\/07\/un-electricista-un-tecnico-electrico-trabajando-en-una-centralita-scaled.jpg\u00bb background_enable_image=\u00bbon\u00bb use_bg_overlay=\u00bbon\u00bb parallax=\u00bbon\u00bb body_font_size=\u00bb24px\u00bb]<\/p>\n<p>\u00abTu proyecto merece atenci\u00f3n experta. Escr\u00edbenos y descubre c\u00f3mo podemos ayudarte a llevarlo al siguiente nivel.\u00bb<\/p>\n<p>[\/et_pb_slide][\/et_pb_fullwidth_slider][\/et_pb_section][et_pb_section fb_built=\u00bb1&#8243; theme_builder_area=\u00bbpost_content\u00bb _builder_version=\u00bb4.27.2&#8243; _module_preset=\u00bbdefault\u00bb][et_pb_row _builder_version=\u00bb4.27.2&#8243; _module_preset=\u00bbdefault\u00bb theme_builder_area=\u00bbpost_content\u00bb][et_pb_column _builder_version=\u00bb4.27.2&#8243; _module_preset=\u00bbdefault\u00bb type=\u00bb4_4&#8243; theme_builder_area=\u00bbpost_content\u00bb][et_pb_contact_form _builder_version=\u00bb4.27.2&#8243; _module_preset=\u00bbdefault\u00bb _unique_id=\u00bb267bc587-b9e9-44ce-a287-4b4d030f92e0&#8243; theme_builder_area=\u00bbpost_content\u00bb hover_enabled=\u00bb0&#8243; sticky_enabled=\u00bb0&#8243; email=\u00bbadministracion@ingmyd.cl\u00bb][et_pb_contact_field field_id=\u00bbName\u00bb field_title=\u00bbNombre\u00bb _builder_version=\u00bb4.16&#8243; global_colors_info=\u00bb{}\u00bb button_text_size__hover_enabled=\u00bboff\u00bb button_one_text_size__hover_enabled=\u00bboff\u00bb button_two_text_size__hover_enabled=\u00bboff\u00bb button_text_color__hover_enabled=\u00bboff\u00bb button_one_text_color__hover_enabled=\u00bboff\u00bb button_two_text_color__hover_enabled=\u00bboff\u00bb button_border_width__hover_enabled=\u00bboff\u00bb button_one_border_width__hover_enabled=\u00bboff\u00bb button_two_border_width__hover_enabled=\u00bboff\u00bb button_border_color__hover_enabled=\u00bboff\u00bb button_one_border_color__hover_enabled=\u00bboff\u00bb button_two_border_color__hover_enabled=\u00bboff\u00bb button_border_radius__hover_enabled=\u00bboff\u00bb button_one_border_radius__hover_enabled=\u00bboff\u00bb button_two_border_radius__hover_enabled=\u00bboff\u00bb button_letter_spacing__hover_enabled=\u00bboff\u00bb button_one_letter_spacing__hover_enabled=\u00bboff\u00bb button_two_letter_spacing__hover_enabled=\u00bboff\u00bb button_bg_color__hover_enabled=\u00bboff\u00bb button_one_bg_color__hover_enabled=\u00bboff\u00bb button_two_bg_color__hover_enabled=\u00bboff\u00bb theme_builder_area=\u00bbpost_content\u00bb][\/et_pb_contact_field][et_pb_contact_field field_id=\u00bbEmail\u00bb field_title=\u00bbDirecci\u00f3n de correo electr\u00f3nico\u00bb field_type=\u00bbemail\u00bb _builder_version=\u00bb4.16&#8243; global_colors_info=\u00bb{}\u00bb button_text_size__hover_enabled=\u00bboff\u00bb button_one_text_size__hover_enabled=\u00bboff\u00bb button_two_text_size__hover_enabled=\u00bboff\u00bb button_text_color__hover_enabled=\u00bboff\u00bb button_one_text_color__hover_enabled=\u00bboff\u00bb button_two_text_color__hover_enabled=\u00bboff\u00bb button_border_width__hover_enabled=\u00bboff\u00bb button_one_border_width__hover_enabled=\u00bboff\u00bb button_two_border_width__hover_enabled=\u00bboff\u00bb button_border_color__hover_enabled=\u00bboff\u00bb button_one_border_color__hover_enabled=\u00bboff\u00bb button_two_border_color__hover_enabled=\u00bboff\u00bb button_border_radius__hover_enabled=\u00bboff\u00bb button_one_border_radius__hover_enabled=\u00bboff\u00bb button_two_border_radius__hover_enabled=\u00bboff\u00bb button_letter_spacing__hover_enabled=\u00bboff\u00bb button_one_letter_spacing__hover_enabled=\u00bboff\u00bb button_two_letter_spacing__hover_enabled=\u00bboff\u00bb button_bg_color__hover_enabled=\u00bboff\u00bb button_one_bg_color__hover_enabled=\u00bboff\u00bb button_two_bg_color__hover_enabled=\u00bboff\u00bb theme_builder_area=\u00bbpost_content\u00bb][\/et_pb_contact_field][et_pb_contact_field _builder_version=\u00bb4.27.2&#8243; _module_preset=\u00bbdefault\u00bb theme_builder_area=\u00bbpost_content\u00bb field_id=\u00bbCiudad_o_regi\u00f3n_2&#8243; field_title=\u00bbCiudad o regi\u00f3n\u00bb hover_enabled=\u00bb0&#8243; sticky_enabled=\u00bb0&#8243;][\/et_pb_contact_field][et_pb_contact_field _builder_version=\u00bb4.27.2&#8243; _module_preset=\u00bbdefault\u00bb theme_builder_area=\u00bbpost_content\u00bb field_id=\u00bbtelefono\u00bb field_title=\u00bbTel\u00e9fono\u00bb hover_enabled=\u00bb0&#8243; sticky_enabled=\u00bb0&#8243; allowed_symbols=\u00bbnumbers\u00bb][\/et_pb_contact_field][et_pb_contact_field field_id=\u00bbMessage\u00bb field_title=\u00bbMensaje\u00bb field_type=\u00bbtext\u00bb fullwidth_field=\u00bbon\u00bb _builder_version=\u00bb4.16&#8243; global_colors_info=\u00bb{}\u00bb button_text_size__hover_enabled=\u00bboff\u00bb button_one_text_size__hover_enabled=\u00bboff\u00bb button_two_text_size__hover_enabled=\u00bboff\u00bb button_text_color__hover_enabled=\u00bboff\u00bb button_one_text_color__hover_enabled=\u00bboff\u00bb button_two_text_color__hover_enabled=\u00bboff\u00bb button_border_width__hover_enabled=\u00bboff\u00bb button_one_border_width__hover_enabled=\u00bboff\u00bb button_two_border_width__hover_enabled=\u00bboff\u00bb button_border_color__hover_enabled=\u00bboff\u00bb button_one_border_color__hover_enabled=\u00bboff\u00bb button_two_border_color__hover_enabled=\u00bboff\u00bb button_border_radius__hover_enabled=\u00bboff\u00bb button_one_border_radius__hover_enabled=\u00bboff\u00bb button_two_border_radius__hover_enabled=\u00bboff\u00bb button_letter_spacing__hover_enabled=\u00bboff\u00bb button_one_letter_spacing__hover_enabled=\u00bboff\u00bb button_two_letter_spacing__hover_enabled=\u00bboff\u00bb button_bg_color__hover_enabled=\u00bboff\u00bb button_one_bg_color__hover_enabled=\u00bboff\u00bb button_two_bg_color__hover_enabled=\u00bboff\u00bb theme_builder_area=\u00bbpost_content\u00bb][\/et_pb_contact_field][\/et_pb_contact_form][\/et_pb_column][\/et_pb_row][\/et_pb_section]<\/p>\n","protected":false},"excerpt":{"rendered":"<p>\u00abTu proyecto merece atenci\u00f3n experta. Escr\u00edbenos y descubre c\u00f3mo podemos ayudarte a llevarlo al siguiente nivel.\u00bb<\/p>\n","protected":false},"author":1,"featured_media":0,"parent":0,"menu_order":0,"comment_status":"closed","ping_status":"closed","template":"","meta":{"_et_pb_use_builder":"on","_et_pb_old_content":"<!-- wp:divi\/placeholder \/-->","_et_gb_content_width":"","footnotes":""},"class_list":["post-35","page","type-page","status-publish","hentry"],"yoast_head":"<!-- This site is optimized with the Yoast SEO plugin v25.5 - https:\/\/yoast.com\/wordpress\/plugins\/seo\/ -->\n<title>CONTACTO - MyD Ingenier\u00eda<\/title>\n<meta name=\"robots\" content=\"index, follow, max-snippet:-1, max-image-preview:large, max-video-preview:-1\" \/>\n<link rel=\"canonical\" href=\"https:\/\/ingmyd.cl\/index.php\/contacto\/\" \/>\n<meta property=\"og:locale\" content=\"es_ES\" \/>\n<meta property=\"og:type\" content=\"article\" \/>\n<meta property=\"og:title\" content=\"CONTACTO - MyD Ingenier\u00eda\" \/>\n<meta property=\"og:description\" content=\"&quot;Tu proyecto merece atenci\u00f3n experta. Escr\u00edbenos y descubre c\u00f3mo podemos ayudarte a llevarlo al siguiente nivel.&quot;\" \/>\n<meta property=\"og:url\" content=\"https:\/\/ingmyd.cl\/index.php\/contacto\/\" \/>\n<meta property=\"og:site_name\" content=\"MyD Ingenier\u00eda\" \/>\n<meta property=\"article:modified_time\" content=\"2025-07-09T01:29:09+00:00\" \/>\n<meta name=\"twitter:card\" content=\"summary_large_image\" \/>\n<meta name=\"twitter:label1\" content=\"Tiempo de lectura\" \/>\n\t<meta name=\"twitter:data1\" content=\"4 minutos\" \/>\n<script type=\"application\/ld+json\" class=\"yoast-schema-graph\">{\"@context\":\"https:\/\/schema.org\",\"@graph\":[{\"@type\":\"WebPage\",\"@id\":\"https:\/\/ingmyd.cl\/index.php\/contacto\/\",\"url\":\"https:\/\/ingmyd.cl\/index.php\/contacto\/\",\"name\":\"CONTACTO - MyD Ingenier\u00eda\",\"isPartOf\":{\"@id\":\"https:\/\/ingmyd.cl\/#website\"},\"datePublished\":\"2025-07-02T16:28:37+00:00\",\"dateModified\":\"2025-07-09T01:29:09+00:00\",\"breadcrumb\":{\"@id\":\"https:\/\/ingmyd.cl\/index.php\/contacto\/#breadcrumb\"},\"inLanguage\":\"es\",\"potentialAction\":[{\"@type\":\"ReadAction\",\"target\":[\"https:\/\/ingmyd.cl\/index.php\/contacto\/\"]}]},{\"@type\":\"BreadcrumbList\",\"@id\":\"https:\/\/ingmyd.cl\/index.php\/contacto\/#breadcrumb\",\"itemListElement\":[{\"@type\":\"ListItem\",\"position\":1,\"name\":\"Portada\",\"item\":\"https:\/\/ingmyd.cl\/\"},{\"@type\":\"ListItem\",\"position\":2,\"name\":\"CONTACTO\"}]},{\"@type\":\"WebSite\",\"@id\":\"https:\/\/ingmyd.cl\/#website\",\"url\":\"https:\/\/ingmyd.cl\/\",\"name\":\"MyD Ingenier\u00eda\",\"description\":\"Somos una empresa en expansi\u00f3n con base en Puerto Montt, Regi\u00f3n de Los Lagos, Chile, dedicada a ofrecer soluciones el\u00e9ctricas, de montaje e ingenier\u00eda con alto est\u00e1ndar profesional.\",\"publisher\":{\"@id\":\"https:\/\/ingmyd.cl\/#organization\"},\"potentialAction\":[{\"@type\":\"SearchAction\",\"target\":{\"@type\":\"EntryPoint\",\"urlTemplate\":\"https:\/\/ingmyd.cl\/?s={search_term_string}\"},\"query-input\":{\"@type\":\"PropertyValueSpecification\",\"valueRequired\":true,\"valueName\":\"search_term_string\"}}],\"inLanguage\":\"es\"},{\"@type\":\"Organization\",\"@id\":\"https:\/\/ingmyd.cl\/#organization\",\"name\":\"MyD Ingenier\u00eda\",\"url\":\"https:\/\/ingmyd.cl\/\",\"logo\":{\"@type\":\"ImageObject\",\"inLanguage\":\"es\",\"@id\":\"https:\/\/ingmyd.cl\/#\/schema\/logo\/image\/\",\"url\":\"https:\/\/ingmyd.cl\/wp-content\/uploads\/2025\/07\/logo-01-scaled.png\",\"contentUrl\":\"https:\/\/ingmyd.cl\/wp-content\/uploads\/2025\/07\/logo-01-scaled.png\",\"width\":2560,\"height\":1017,\"caption\":\"MyD Ingenier\u00eda\"},\"image\":{\"@id\":\"https:\/\/ingmyd.cl\/#\/schema\/logo\/image\/\"}}]}<\/script>\n<!-- \/ Yoast SEO plugin. -->","yoast_head_json":{"title":"CONTACTO - MyD Ingenier\u00eda","robots":{"index":"index","follow":"follow","max-snippet":"max-snippet:-1","max-image-preview":"max-image-preview:large","max-video-preview":"max-video-preview:-1"},"canonical":"https:\/\/ingmyd.cl\/index.php\/contacto\/","og_locale":"es_ES","og_type":"article","og_title":"CONTACTO - MyD Ingenier\u00eda","og_description":"\"Tu proyecto merece atenci\u00f3n experta. Escr\u00edbenos y descubre c\u00f3mo podemos ayudarte a llevarlo al siguiente nivel.\"","og_url":"https:\/\/ingmyd.cl\/index.php\/contacto\/","og_site_name":"MyD Ingenier\u00eda","article_modified_time":"2025-07-09T01:29:09+00:00","twitter_card":"summary_large_image","twitter_misc":{"Tiempo de lectura":"4 minutos"},"schema":{"@context":"https:\/\/schema.org","@graph":[{"@type":"WebPage","@id":"https:\/\/ingmyd.cl\/index.php\/contacto\/","url":"https:\/\/ingmyd.cl\/index.php\/contacto\/","name":"CONTACTO - MyD Ingenier\u00eda","isPartOf":{"@id":"https:\/\/ingmyd.cl\/#website"},"datePublished":"2025-07-02T16:28:37+00:00","dateModified":"2025-07-09T01:29:09+00:00","breadcrumb":{"@id":"https:\/\/ingmyd.cl\/index.php\/contacto\/#breadcrumb"},"inLanguage":"es","potentialAction":[{"@type":"ReadAction","target":["https:\/\/ingmyd.cl\/index.php\/contacto\/"]}]},{"@type":"BreadcrumbList","@id":"https:\/\/ingmyd.cl\/index.php\/contacto\/#breadcrumb","itemListElement":[{"@type":"ListItem","position":1,"name":"Portada","item":"https:\/\/ingmyd.cl\/"},{"@type":"ListItem","position":2,"name":"CONTACTO"}]},{"@type":"WebSite","@id":"https:\/\/ingmyd.cl\/#website","url":"https:\/\/ingmyd.cl\/","name":"MyD Ingenier\u00eda","description":"Somos una empresa en expansi\u00f3n con base en Puerto Montt, Regi\u00f3n de Los Lagos, Chile, dedicada a ofrecer soluciones el\u00e9ctricas, de montaje e ingenier\u00eda con alto est\u00e1ndar profesional.","publisher":{"@id":"https:\/\/ingmyd.cl\/#organization"},"potentialAction":[{"@type":"SearchAction","target":{"@type":"EntryPoint","urlTemplate":"https:\/\/ingmyd.cl\/?s={search_term_string}"},"query-input":{"@type":"PropertyValueSpecification","valueRequired":true,"valueName":"search_term_string"}}],"inLanguage":"es"},{"@type":"Organization","@id":"https:\/\/ingmyd.cl\/#organization","name":"MyD Ingenier\u00eda","url":"https:\/\/ingmyd.cl\/","logo":{"@type":"ImageObject","inLanguage":"es","@id":"https:\/\/ingmyd.cl\/#\/schema\/logo\/image\/","url":"https:\/\/ingmyd.cl\/wp-content\/uploads\/2025\/07\/logo-01-scaled.png","contentUrl":"https:\/\/ingmyd.cl\/wp-content\/uploads\/2025\/07\/logo-01-scaled.png","width":2560,"height":1017,"caption":"MyD Ingenier\u00eda"},"image":{"@id":"https:\/\/ingmyd.cl\/#\/schema\/logo\/image\/"}}]}},"_links":{"self":[{"href":"https:\/\/ingmyd.cl\/index.php\/wp-json\/wp\/v2\/pages\/35","targetHints":{"allow":["GET"]}}],"collection":[{"href":"https:\/\/ingmyd.cl\/index.php\/wp-json\/wp\/v2\/pages"}],"about":[{"href":"https:\/\/ingmyd.cl\/index.php\/wp-json\/wp\/v2\/types\/page"}],"author":[{"embeddable":true,"href":"https:\/\/ingmyd.cl\/index.php\/wp-json\/wp\/v2\/users\/1"}],"replies":[{"embeddable":true,"href":"https:\/\/ingmyd.cl\/index.php\/wp-json\/wp\/v2\/comments?post=35"}],"version-history":[{"count":6,"href":"https:\/\/ingmyd.cl\/index.php\/wp-json\/wp\/v2\/pages\/35\/revisions"}],"predecessor-version":[{"id":93,"href":"https:\/\/ingmyd.cl\/index.php\/wp-json\/wp\/v2\/pages\/35\/revisions\/93"}],"wp:attachment":[{"href":"https:\/\/ingmyd.cl\/index.php\/wp-json\/wp\/v2\/media?parent=35"}],"curies":[{"name":"wp","href":"https:\/\/api.w.org\/{rel}","templated":true}]}}