{"id":31,"date":"2025-07-02T16:27:59","date_gmt":"2025-07-02T16:27:59","guid":{"rendered":"https:\/\/ingmyd.cl\/?page_id=31"},"modified":"2025-07-16T17:24:47","modified_gmt":"2025-07-16T17:24:47","slug":"31-2","status":"publish","type":"page","link":"https:\/\/ingmyd.cl\/index.php\/31-2\/","title":{"rendered":"SERVICIOS"},"content":{"rendered":"<p>[et_pb_section fb_built=\u00bb1&#8243; fullwidth=\u00bbon\u00bb _builder_version=\u00bb4.27.2&#8243; _module_preset=\u00bbdefault\u00bb bottom_divider_style=\u00bbarrow\u00bb bottom_divider_color=\u00bb#FFFFFF\u00bb bottom_divider_height=\u00bb56px\u00bb global_colors_info=\u00bb{}\u00bb][et_pb_fullwidth_slider _builder_version=\u00bb4.27.2&#8243; _module_preset=\u00bbdefault\u00bb global_colors_info=\u00bb{}\u00bb][et_pb_slide heading=\u00bbSERVICIOS\u00bb use_bg_overlay=\u00bbon\u00bb bg_overlay_color=\u00bbrgba(102,102,102,0.7)\u00bb _builder_version=\u00bb4.27.2&#8243; _module_preset=\u00bbdefault\u00bb header_font=\u00bb|700|||||||\u00bb body_font_size=\u00bb22px\u00bb background_enable_color=\u00bboff\u00bb background_image=\u00bbhttps:\/\/ingmyd.cl\/wp-content\/uploads\/2025\/07\/hombre-un-tecnico-electrico-trabajando-en-una-central-electrica-con-fusibles-scaled.jpg\u00bb background_enable_image=\u00bbon\u00bb parallax=\u00bbon\u00bb text_shadow_style=\u00bbpreset3&#8243; global_colors_info=\u00bb{}\u00bb sticky_transition=\u00bbon\u00bb]<\/p>\n<p>\u00abSoluciones integrales pensadas para ti. Conoce nuestros servicios y descubre c\u00f3mo podemos hacer crecer y mejorar tu proyecto.\u00bb<\/p>\n<p>[\/et_pb_slide][\/et_pb_fullwidth_slider][\/et_pb_section][et_pb_section fb_built=\u00bb1&#8243; _builder_version=\u00bb4.27.2&#8243; _module_preset=\u00bbdefault\u00bb global_colors_info=\u00bb{}\u00bb][et_pb_row column_structure=\u00bb1_3,1_3,1_3&#8243; _builder_version=\u00bb4.27.2&#8243; _module_preset=\u00bbdefault\u00bb global_colors_info=\u00bb{}\u00bb][et_pb_column type=\u00bb1_3&#8243; _builder_version=\u00bb4.27.2&#8243; _module_preset=\u00bbdefault\u00bb global_colors_info=\u00bb{}\u00bb][et_pb_blurb title=\u00bbAtenci\u00f3n Personalizada\u00bb use_icon=\u00bbon\u00bb font_icon=\u00bb&#xf4fc;||fa||900&#8243; icon_color=\u00bb#71CAE5&#8243; _builder_version=\u00bb4.27.2&#8243; _module_preset=\u00bbdefault\u00bb text_orientation=\u00bbcenter\u00bb global_colors_info=\u00bb{}\u00bb]<\/p>\n<p>Escuchamos tus necesidades y entregamos soluciones a medida para cada proyecto.<\/p>\n<p>[\/et_pb_blurb][\/et_pb_column][et_pb_column type=\u00bb1_3&#8243; _builder_version=\u00bb4.27.2&#8243; _module_preset=\u00bbdefault\u00bb global_colors_info=\u00bb{}\u00bb][et_pb_blurb title=\u00bbTrabajo Seguro y Certificado\u00bb use_icon=\u00bbon\u00bb font_icon=\u00bb&#xf3ed;||fa||900&#8243; icon_color=\u00bb#71CAE5&#8243; _builder_version=\u00bb4.27.2&#8243; _module_preset=\u00bbdefault\u00bb text_orientation=\u00bbcenter\u00bb global_colors_info=\u00bb{}\u00bb]<\/p>\n<p>Cumplimos con las normativas vigentes para brindarte un servicio confiable y seguro.<\/p>\n<p>[\/et_pb_blurb][\/et_pb_column][et_pb_column type=\u00bb1_3&#8243; _builder_version=\u00bb4.27.2&#8243; _module_preset=\u00bbdefault\u00bb global_colors_info=\u00bb{}\u00bb][et_pb_blurb title=\u00bbRapidez y Cumplimiento\u00bb use_icon=\u00bbon\u00bb font_icon=\u00bb&#xe052;||divi||400&#8243; icon_color=\u00bb#71CAE5&#8243; _builder_version=\u00bb4.27.2&#8243; _module_preset=\u00bbdefault\u00bb text_orientation=\u00bbcenter\u00bb global_colors_info=\u00bb{}\u00bb]<\/p>\n<p>Respetamos tus tiempos. Trabajamos con eficiencia para cumplir cada plazo acordado.<\/p>\n<p>[\/et_pb_blurb][\/et_pb_column][\/et_pb_row][\/et_pb_section][et_pb_section fb_built=\u00bb1&#8243; fullwidth=\u00bbon\u00bb _builder_version=\u00bb4.27.2&#8243; _module_preset=\u00bbdefault\u00bb global_colors_info=\u00bb{}\u00bb][et_pb_fullwidth_slider _builder_version=\u00bb4.27.2&#8243; _module_preset=\u00bbdefault\u00bb custom_padding=\u00bb128px|||||\u00bb hover_enabled=\u00bb0&#8243; global_colors_info=\u00bb{}\u00bb sticky_enabled=\u00bb0&#8243;][et_pb_slide heading=\u00bbDise\u00f1o y Construcci\u00f3n de Tableros El\u00e9ctricos\u00bb image=\u00bbhttps:\/\/ingmyd.cl\/wp-content\/uploads\/2025\/07\/el-electricista-trabaja-en-una-central-electrica-con-fusibles-scaled.jpg\u00bb _builder_version=\u00bb4.27.2&#8243; _module_preset=\u00bbdefault\u00bb background_color=\u00bb#000000&#8243; background_enable_color=\u00bbon\u00bb width=\u00bb100%\u00bb max_width=\u00bb100%\u00bb global_colors_info=\u00bb{}\u00bb sticky_transition=\u00bbon\u00bb]<\/p>\n<p>Dise\u00f1amos y fabricamos tableros el\u00e9ctricos a medida, adaptados a las necesidades espec\u00edficas de cada cliente y cumpliendo con las normativas vigentes. Utilizamos componentes de alta calidad para garantizar la eficiencia, seguridad y durabilidad de cada sistema. Nuestro servicio abarca desde tableros de fuerza hasta tableros de control y automatizaci\u00f3n.<\/p>\n<p>[\/et_pb_slide][\/et_pb_fullwidth_slider][\/et_pb_section][et_pb_section fb_built=\u00bb1&#8243; fullwidth=\u00bbon\u00bb _builder_version=\u00bb4.27.2&#8243; _module_preset=\u00bbdefault\u00bb global_colors_info=\u00bb{}\u00bb][et_pb_fullwidth_slider _builder_version=\u00bb4.27.2&#8243; _module_preset=\u00bbdefault\u00bb custom_padding=\u00bb128px|||||\u00bb global_colors_info=\u00bb{}\u00bb][et_pb_slide heading=\u00bbAutomatizaci\u00f3n y Control Industrial\u00bb image=\u00bbhttps:\/\/ingmyd.cl\/wp-content\/uploads\/2025\/07\/el-trabajador-usa-el-panel-de-control-en-la-fabrica-scaled.jpg\u00bb _builder_version=\u00bb4.27.2&#8243; _module_preset=\u00bbdefault\u00bb background_color=\u00bb#71CAE5&#8243; background_enable_color=\u00bbon\u00bb background_layout=\u00bblight\u00bb width=\u00bb100%\u00bb max_width=\u00bb100%\u00bb global_colors_info=\u00bb{}\u00bb sticky_transition=\u00bbon\u00bb]<\/p>\n<p>Implementamos soluciones de automatizaci\u00f3n que optimizan procesos industriales, mejorando la eficiencia operativa y reduciendo costos. Integramos sensores, PLCs, HMI y sistemas SCADA para brindar control total sobre los procesos productivos, adapt\u00e1ndonos a las exigencias de cada industria.<\/p>\n<p>[\/et_pb_slide][\/et_pb_fullwidth_slider][\/et_pb_section][et_pb_section fb_built=\u00bb1&#8243; fullwidth=\u00bbon\u00bb _builder_version=\u00bb4.27.2&#8243; _module_preset=\u00bbdefault\u00bb global_colors_info=\u00bb{}\u00bb][et_pb_fullwidth_slider _builder_version=\u00bb4.27.2&#8243; _module_preset=\u00bbdefault\u00bb custom_padding=\u00bb128px|||||\u00bb global_colors_info=\u00bb{}\u00bb][et_pb_slide heading=\u00bbAn\u00e1lisis de Calidad de Energ\u00eda\u00bb image=\u00bbhttps:\/\/ingmyd.cl\/wp-content\/uploads\/2025\/07\/sirva-un-tecnico-electrico-que-trabaja-en-una-centralita-con-fusibles-scaled.jpg\u00bb _builder_version=\u00bb4.27.2&#8243; _module_preset=\u00bbdefault\u00bb background_color=\u00bb#000000&#8243; background_enable_color=\u00bbon\u00bb width=\u00bb100%\u00bb max_width=\u00bb100%\u00bb global_colors_info=\u00bb{}\u00bb sticky_transition=\u00bbon\u00bb]<\/p>\n<p>Realizamos mediciones y diagn\u00f3sticos detallados para identificar problemas de calidad de energ\u00eda, como arm\u00f3nicos, variaciones de voltaje, factor de potencia y transitorios. Este servicio permite prevenir fallos en equipos sensibles, mejorar la eficiencia energ\u00e9tica y reducir el consumo el\u00e9ctrico.<\/p>\n<p>[\/et_pb_slide][\/et_pb_fullwidth_slider][\/et_pb_section][et_pb_section fb_built=\u00bb1&#8243; fullwidth=\u00bbon\u00bb _builder_version=\u00bb4.27.2&#8243; _module_preset=\u00bbdefault\u00bb global_colors_info=\u00bb{}\u00bb][et_pb_fullwidth_slider _builder_version=\u00bb4.27.2&#8243; _module_preset=\u00bbdefault\u00bb custom_padding=\u00bb128px|||||\u00bb global_colors_info=\u00bb{}\u00bb][et_pb_slide heading=\u00bbAn\u00e1lisis Termogr\u00e1fico de Tableros El\u00e9ctricos\u00bb image=\u00bbhttps:\/\/ingmyd.cl\/wp-content\/uploads\/2025\/07\/blog_detalle_4.webp\u00bb _builder_version=\u00bb4.27.2&#8243; _module_preset=\u00bbdefault\u00bb background_color=\u00bb#71CAE5&#8243; background_enable_color=\u00bbon\u00bb background_layout=\u00bblight\u00bb width=\u00bb100%\u00bb max_width=\u00bb100%\u00bb global_colors_info=\u00bb{}\u00bb sticky_transition=\u00bbon\u00bb]<\/p>\n<p>Mediante c\u00e1maras termogr\u00e1ficas de alta precisi\u00f3n, detectamos puntos calientes, sobrecargas y posibles fallos en tableros el\u00e9ctricos antes de que se conviertan en problemas cr\u00edticos. Esta t\u00e9cnica no invasiva permite realizar mantenimientos predictivos y evitar interrupciones no planificadas.<\/p>\n<p>[\/et_pb_slide][\/et_pb_fullwidth_slider][\/et_pb_section][et_pb_section fb_built=\u00bb1&#8243; fullwidth=\u00bbon\u00bb _builder_version=\u00bb4.27.2&#8243; _module_preset=\u00bbdefault\u00bb global_colors_info=\u00bb{}\u00bb][et_pb_fullwidth_slider _builder_version=\u00bb4.27.2&#8243; _module_preset=\u00bbdefault\u00bb custom_padding=\u00bb128px|||||\u00bb global_colors_info=\u00bb{}\u00bb][et_pb_slide heading=\u00bbMantenimiento de Tableros El\u00e9ctricos\u00bb image=\u00bbhttps:\/\/ingmyd.cl\/wp-content\/uploads\/2025\/07\/un-electricista-trabaja-en-una-central-electrica-con-un-mono-en-el-telon-de-fondo-de-la-iluminacion-de-emergencia-scaled.jpg\u00bb _builder_version=\u00bb4.27.2&#8243; _module_preset=\u00bbdefault\u00bb background_color=\u00bb#000000&#8243; background_enable_color=\u00bbon\u00bb width=\u00bb100%\u00bb max_width=\u00bb100%\u00bb global_colors_info=\u00bb{}\u00bb sticky_transition=\u00bbon\u00bb]<\/p>\n<p>Ofrecemos planes de mantenimiento preventivo y correctivo para garantizar el \u00f3ptimo funcionamiento y prolongar la vida \u00fatil de los tableros el\u00e9ctricos. Incluye inspecciones, limpieza, ajuste de conexiones, pruebas funcionales y actualizaci\u00f3n de componentes seg\u00fan necesidad.<\/p>\n<p>[\/et_pb_slide][\/et_pb_fullwidth_slider][\/et_pb_section][et_pb_section fb_built=\u00bb1&#8243; fullwidth=\u00bbon\u00bb _builder_version=\u00bb4.27.2&#8243; _module_preset=\u00bbdefault\u00bb global_colors_info=\u00bb{}\u00bb][et_pb_fullwidth_slider _builder_version=\u00bb4.27.2&#8243; _module_preset=\u00bbdefault\u00bb custom_padding=\u00bb128px|||||\u00bb global_colors_info=\u00bb{}\u00bb][et_pb_slide heading=\u00bbDise\u00f1o, Instalaci\u00f3n y Configuraci\u00f3n de Sistemas CCTV\u00bb image=\u00bbhttps:\/\/ingmyd.cl\/wp-content\/uploads\/2025\/07\/camara-de-seguridad-cctv-scaled.jpg\u00bb _builder_version=\u00bb4.27.2&#8243; _module_preset=\u00bbdefault\u00bb background_color=\u00bb#71CAE5&#8243; background_enable_color=\u00bbon\u00bb background_layout=\u00bblight\u00bb width=\u00bb100%\u00bb max_width=\u00bb100%\u00bb global_colors_info=\u00bb{}\u00bb sticky_transition=\u00bbon\u00bb]<\/p>\n<p>Dise\u00f1amos e instalamos sistemas de videovigilancia adaptados a entornos industriales, comerciales o residenciales. Configuramos c\u00e1maras, grabadores y redes para asegurar una cobertura eficiente y un monitoreo remoto en tiempo real, con alta calidad de imagen y fiabilidad.<\/p>\n<p>[\/et_pb_slide][\/et_pb_fullwidth_slider][\/et_pb_section][et_pb_section fb_built=\u00bb1&#8243; fullwidth=\u00bbon\u00bb _builder_version=\u00bb4.27.2&#8243; _module_preset=\u00bbdefault\u00bb global_colors_info=\u00bb{}\u00bb][et_pb_fullwidth_slider _builder_version=\u00bb4.27.2&#8243; _module_preset=\u00bbdefault\u00bb custom_padding=\u00bb128px|||||\u00bb global_colors_info=\u00bb{}\u00bb][et_pb_slide heading=\u00bbDise\u00f1o, Instalaci\u00f3n y Configuraci\u00f3n de Comunicaci\u00f3n en Fibra \u00d3ptica\u00bb image=\u00bbhttps:\/\/ingmyd.cl\/wp-content\/uploads\/2025\/07\/cables-en-fondo-rojo-claro-scaled.jpg\u00bb _builder_version=\u00bb4.27.2&#8243; _module_preset=\u00bbdefault\u00bb background_color=\u00bb#000000&#8243; background_enable_color=\u00bbon\u00bb width=\u00bb100%\u00bb max_width=\u00bb100%\u00bb global_colors_info=\u00bb{}\u00bb sticky_transition=\u00bbon\u00bb]<\/p>\n<p>Implementamos soluciones de comunicaci\u00f3n por fibra \u00f3ptica, desde el dise\u00f1o de la red hasta la instalaci\u00f3n y certificaci\u00f3n de enlaces. Garantizamos alta velocidad, baja latencia y transmisi\u00f3n de datos confiable para entornos industriales y corporativos.<\/p>\n<p>[\/et_pb_slide][\/et_pb_fullwidth_slider][\/et_pb_section][et_pb_section fb_built=\u00bb1&#8243; fullwidth=\u00bbon\u00bb _builder_version=\u00bb4.27.2&#8243; _module_preset=\u00bbdefault\u00bb global_colors_info=\u00bb{}\u00bb][et_pb_fullwidth_slider _builder_version=\u00bb4.27.2&#8243; _module_preset=\u00bbdefault\u00bb custom_padding=\u00bb128px|||||\u00bb global_colors_info=\u00bb{}\u00bb][et_pb_slide heading=\u00bbInstalaciones El\u00e9ctricas Industriales\u00bb image=\u00bbhttps:\/\/ingmyd.cl\/wp-content\/uploads\/2025\/07\/cuadro-de-distribucion-con-muchos-interruptores-y-cables-de-fibra-optica-scaled.jpg\u00bb _builder_version=\u00bb4.27.2&#8243; _module_preset=\u00bbdefault\u00bb background_color=\u00bb#71CAE5&#8243; background_enable_color=\u00bbon\u00bb background_layout=\u00bblight\u00bb width=\u00bb100%\u00bb max_width=\u00bb100%\u00bb global_colors_info=\u00bb{}\u00bb sticky_transition=\u00bbon\u00bb]<\/p>\n<p>Realizamos instalaciones el\u00e9ctricas completas en plantas industriales, centros log\u00edsticos, bodegas y f\u00e1bricas. Nuestros trabajos cumplen con los m\u00e1s altos est\u00e1ndares de seguridad, eficiencia y normativas el\u00e9ctricas vigentes, asegurando un suministro confiable y continuo.<\/p>\n<p>[\/et_pb_slide][\/et_pb_fullwidth_slider][\/et_pb_section][et_pb_section fb_built=\u00bb1&#8243; fullwidth=\u00bbon\u00bb _builder_version=\u00bb4.27.2&#8243; _module_preset=\u00bbdefault\u00bb hover_enabled=\u00bb0&#8243; global_colors_info=\u00bb{}\u00bb sticky_enabled=\u00bb0&#8243;][et_pb_fullwidth_slider _builder_version=\u00bb4.27.2&#8243; _module_preset=\u00bbdefault\u00bb custom_padding=\u00bb128px|||||\u00bb hover_enabled=\u00bb0&#8243; global_colors_info=\u00bb{}\u00bb sticky_enabled=\u00bb0&#8243;][et_pb_slide heading=\u00bbRegistro de datos en la nube \u2601\ufe0e\u00bb image=\u00bbhttps:\/\/ingmyd.cl\/wp-content\/uploads\/2025\/07\/Screenshot_2.jpg\u00bb _builder_version=\u00bb4.27.2&#8243; _module_preset=\u00bbdefault\u00bb background_color=\u00bb#000000&#8243; background_enable_color=\u00bbon\u00bb width=\u00bb100%\u00bb max_width=\u00bb100%\u00bb hover_enabled=\u00bb0&#8243; global_colors_info=\u00bb{}\u00bb sticky_transition=\u00bbon\u00bb sticky_enabled=\u00bb0&#8243; title_text=\u00bbScreenshot_2&#8243;]<\/p>\n<p data-start=\"153\" data-end=\"402\">Nuestro servicio permite capturar y almacenar en la nube los datos generados por sensores industriales. La informaci\u00f3n queda disponible en tiempo real para su monitoreo remoto, trazabilidad y an\u00e1lisis.<\/p>\n<p data-start=\"404\" data-end=\"651\">A trav\u00e9s de una plataforma segura, es posible visualizar gr\u00e1ficos de consumo individual por sensor, generar reportes autom\u00e1ticos y configurar alertas ante condiciones fuera de rango, optimizando la toma de decisiones y el mantenimiento predictivo.<\/p>\n<p data-start=\"653\" data-end=\"775\">Ideal para empresas que buscan eficiencia operativa, control a distancia y respaldo de datos sin infraestructura compleja.<\/p>\n<p>[\/et_pb_slide][\/et_pb_fullwidth_slider][\/et_pb_section]<\/p>\n","protected":false},"excerpt":{"rendered":"<p>\u00abSoluciones integrales pensadas para ti. Conoce nuestros servicios y descubre c\u00f3mo podemos hacer crecer y mejorar tu proyecto.\u00bbEscuchamos tus necesidades y entregamos soluciones a medida para cada proyecto.Cumplimos con las normativas vigentes para brindarte un servicio confiable y seguro.Respetamos tus tiempos. Trabajamos con eficiencia para cumplir cada plazo acordado.Dise\u00f1amos y fabricamos tableros el\u00e9ctricos a medida, [&hellip;]<\/p>\n","protected":false},"author":1,"featured_media":0,"parent":0,"menu_order":0,"comment_status":"closed","ping_status":"closed","template":"","meta":{"_et_pb_use_builder":"on","_et_pb_old_content":"","_et_gb_content_width":"","footnotes":""},"class_list":["post-31","page","type-page","status-publish","hentry"],"yoast_head":"<!-- This site is optimized with the Yoast SEO plugin v25.5 - https:\/\/yoast.com\/wordpress\/plugins\/seo\/ -->\n<title>SERVICIOS - MyD Ingenier\u00eda<\/title>\n<meta name=\"robots\" content=\"index, follow, max-snippet:-1, max-image-preview:large, max-video-preview:-1\" \/>\n<link rel=\"canonical\" href=\"https:\/\/ingmyd.cl\/index.php\/31-2\/\" \/>\n<meta property=\"og:locale\" content=\"es_ES\" \/>\n<meta property=\"og:type\" content=\"article\" \/>\n<meta property=\"og:title\" content=\"SERVICIOS - MyD Ingenier\u00eda\" \/>\n<meta property=\"og:description\" content=\"&quot;Soluciones integrales pensadas para ti. Conoce nuestros servicios y descubre c\u00f3mo podemos hacer crecer y mejorar tu proyecto.&quot;Escuchamos tus necesidades y entregamos soluciones a medida para cada proyecto.Cumplimos con las normativas vigentes para brindarte un servicio confiable y seguro.Respetamos tus tiempos. Trabajamos con eficiencia para cumplir cada plazo acordado.Dise\u00f1amos y fabricamos tableros el\u00e9ctricos a medida, [&hellip;]\" \/>\n<meta property=\"og:url\" content=\"https:\/\/ingmyd.cl\/index.php\/31-2\/\" \/>\n<meta property=\"og:site_name\" content=\"MyD Ingenier\u00eda\" \/>\n<meta property=\"article:modified_time\" content=\"2025-07-16T17:24:47+00:00\" \/>\n<meta name=\"twitter:card\" content=\"summary_large_image\" \/>\n<meta name=\"twitter:label1\" content=\"Tiempo de lectura\" \/>\n\t<meta name=\"twitter:data1\" content=\"8 minutos\" \/>\n<script type=\"application\/ld+json\" class=\"yoast-schema-graph\">{\"@context\":\"https:\/\/schema.org\",\"@graph\":[{\"@type\":\"WebPage\",\"@id\":\"https:\/\/ingmyd.cl\/index.php\/31-2\/\",\"url\":\"https:\/\/ingmyd.cl\/index.php\/31-2\/\",\"name\":\"SERVICIOS - MyD Ingenier\u00eda\",\"isPartOf\":{\"@id\":\"https:\/\/ingmyd.cl\/#website\"},\"datePublished\":\"2025-07-02T16:27:59+00:00\",\"dateModified\":\"2025-07-16T17:24:47+00:00\",\"breadcrumb\":{\"@id\":\"https:\/\/ingmyd.cl\/index.php\/31-2\/#breadcrumb\"},\"inLanguage\":\"es\",\"potentialAction\":[{\"@type\":\"ReadAction\",\"target\":[\"https:\/\/ingmyd.cl\/index.php\/31-2\/\"]}]},{\"@type\":\"BreadcrumbList\",\"@id\":\"https:\/\/ingmyd.cl\/index.php\/31-2\/#breadcrumb\",\"itemListElement\":[{\"@type\":\"ListItem\",\"position\":1,\"name\":\"Portada\",\"item\":\"https:\/\/ingmyd.cl\/\"},{\"@type\":\"ListItem\",\"position\":2,\"name\":\"SERVICIOS\"}]},{\"@type\":\"WebSite\",\"@id\":\"https:\/\/ingmyd.cl\/#website\",\"url\":\"https:\/\/ingmyd.cl\/\",\"name\":\"MyD Ingenier\u00eda\",\"description\":\"Somos una empresa en expansi\u00f3n con base en Puerto Montt, Regi\u00f3n de Los Lagos, Chile, dedicada a ofrecer soluciones el\u00e9ctricas, de montaje e ingenier\u00eda con alto est\u00e1ndar profesional.\",\"publisher\":{\"@id\":\"https:\/\/ingmyd.cl\/#organization\"},\"potentialAction\":[{\"@type\":\"SearchAction\",\"target\":{\"@type\":\"EntryPoint\",\"urlTemplate\":\"https:\/\/ingmyd.cl\/?s={search_term_string}\"},\"query-input\":{\"@type\":\"PropertyValueSpecification\",\"valueRequired\":true,\"valueName\":\"search_term_string\"}}],\"inLanguage\":\"es\"},{\"@type\":\"Organization\",\"@id\":\"https:\/\/ingmyd.cl\/#organization\",\"name\":\"MyD Ingenier\u00eda\",\"url\":\"https:\/\/ingmyd.cl\/\",\"logo\":{\"@type\":\"ImageObject\",\"inLanguage\":\"es\",\"@id\":\"https:\/\/ingmyd.cl\/#\/schema\/logo\/image\/\",\"url\":\"https:\/\/ingmyd.cl\/wp-content\/uploads\/2025\/07\/logo-01-scaled.png\",\"contentUrl\":\"https:\/\/ingmyd.cl\/wp-content\/uploads\/2025\/07\/logo-01-scaled.png\",\"width\":2560,\"height\":1017,\"caption\":\"MyD Ingenier\u00eda\"},\"image\":{\"@id\":\"https:\/\/ingmyd.cl\/#\/schema\/logo\/image\/\"}}]}<\/script>\n<!-- \/ Yoast SEO plugin. -->","yoast_head_json":{"title":"SERVICIOS - MyD Ingenier\u00eda","robots":{"index":"index","follow":"follow","max-snippet":"max-snippet:-1","max-image-preview":"max-image-preview:large","max-video-preview":"max-video-preview:-1"},"canonical":"https:\/\/ingmyd.cl\/index.php\/31-2\/","og_locale":"es_ES","og_type":"article","og_title":"SERVICIOS - MyD Ingenier\u00eda","og_description":"\"Soluciones integrales pensadas para ti. Conoce nuestros servicios y descubre c\u00f3mo podemos hacer crecer y mejorar tu proyecto.\"Escuchamos tus necesidades y entregamos soluciones a medida para cada proyecto.Cumplimos con las normativas vigentes para brindarte un servicio confiable y seguro.Respetamos tus tiempos. Trabajamos con eficiencia para cumplir cada plazo acordado.Dise\u00f1amos y fabricamos tableros el\u00e9ctricos a medida, [&hellip;]","og_url":"https:\/\/ingmyd.cl\/index.php\/31-2\/","og_site_name":"MyD Ingenier\u00eda","article_modified_time":"2025-07-16T17:24:47+00:00","twitter_card":"summary_large_image","twitter_misc":{"Tiempo de lectura":"8 minutos"},"schema":{"@context":"https:\/\/schema.org","@graph":[{"@type":"WebPage","@id":"https:\/\/ingmyd.cl\/index.php\/31-2\/","url":"https:\/\/ingmyd.cl\/index.php\/31-2\/","name":"SERVICIOS - MyD Ingenier\u00eda","isPartOf":{"@id":"https:\/\/ingmyd.cl\/#website"},"datePublished":"2025-07-02T16:27:59+00:00","dateModified":"2025-07-16T17:24:47+00:00","breadcrumb":{"@id":"https:\/\/ingmyd.cl\/index.php\/31-2\/#breadcrumb"},"inLanguage":"es","potentialAction":[{"@type":"ReadAction","target":["https:\/\/ingmyd.cl\/index.php\/31-2\/"]}]},{"@type":"BreadcrumbList","@id":"https:\/\/ingmyd.cl\/index.php\/31-2\/#breadcrumb","itemListElement":[{"@type":"ListItem","position":1,"name":"Portada","item":"https:\/\/ingmyd.cl\/"},{"@type":"ListItem","position":2,"name":"SERVICIOS"}]},{"@type":"WebSite","@id":"https:\/\/ingmyd.cl\/#website","url":"https:\/\/ingmyd.cl\/","name":"MyD Ingenier\u00eda","description":"Somos una empresa en expansi\u00f3n con base en Puerto Montt, Regi\u00f3n de Los Lagos, Chile, dedicada a ofrecer soluciones el\u00e9ctricas, de montaje e ingenier\u00eda con alto est\u00e1ndar profesional.","publisher":{"@id":"https:\/\/ingmyd.cl\/#organization"},"potentialAction":[{"@type":"SearchAction","target":{"@type":"EntryPoint","urlTemplate":"https:\/\/ingmyd.cl\/?s={search_term_string}"},"query-input":{"@type":"PropertyValueSpecification","valueRequired":true,"valueName":"search_term_string"}}],"inLanguage":"es"},{"@type":"Organization","@id":"https:\/\/ingmyd.cl\/#organization","name":"MyD Ingenier\u00eda","url":"https:\/\/ingmyd.cl\/","logo":{"@type":"ImageObject","inLanguage":"es","@id":"https:\/\/ingmyd.cl\/#\/schema\/logo\/image\/","url":"https:\/\/ingmyd.cl\/wp-content\/uploads\/2025\/07\/logo-01-scaled.png","contentUrl":"https:\/\/ingmyd.cl\/wp-content\/uploads\/2025\/07\/logo-01-scaled.png","width":2560,"height":1017,"caption":"MyD Ingenier\u00eda"},"image":{"@id":"https:\/\/ingmyd.cl\/#\/schema\/logo\/image\/"}}]}},"_links":{"self":[{"href":"https:\/\/ingmyd.cl\/index.php\/wp-json\/wp\/v2\/pages\/31","targetHints":{"allow":["GET"]}}],"collection":[{"href":"https:\/\/ingmyd.cl\/index.php\/wp-json\/wp\/v2\/pages"}],"about":[{"href":"https:\/\/ingmyd.cl\/index.php\/wp-json\/wp\/v2\/types\/page"}],"author":[{"embeddable":true,"href":"https:\/\/ingmyd.cl\/index.php\/wp-json\/wp\/v2\/users\/1"}],"replies":[{"embeddable":true,"href":"https:\/\/ingmyd.cl\/index.php\/wp-json\/wp\/v2\/comments?post=31"}],"version-history":[{"count":11,"href":"https:\/\/ingmyd.cl\/index.php\/wp-json\/wp\/v2\/pages\/31\/revisions"}],"predecessor-version":[{"id":140,"href":"https:\/\/ingmyd.cl\/index.php\/wp-json\/wp\/v2\/pages\/31\/revisions\/140"}],"wp:attachment":[{"href":"https:\/\/ingmyd.cl\/index.php\/wp-json\/wp\/v2\/media?parent=31"}],"curies":[{"name":"wp","href":"https:\/\/api.w.org\/{rel}","templated":true}]}}