{"id":15,"date":"2025-07-02T16:04:32","date_gmt":"2025-07-02T16:04:32","guid":{"rendered":"https:\/\/ingmyd.cl\/?page_id=15"},"modified":"2025-07-16T17:27:23","modified_gmt":"2025-07-16T17:27:23","slug":"inicio","status":"publish","type":"page","link":"https:\/\/ingmyd.cl\/","title":{"rendered":"Inicio"},"content":{"rendered":"<p>[et_pb_section fb_built=\u00bb1&#8243; fullwidth=\u00bbon\u00bb _builder_version=\u00bb4.27.2&#8243; _module_preset=\u00bbdefault\u00bb bottom_divider_style=\u00bbwave2&#8243; bottom_divider_color=\u00bb#FFFFFF\u00bb global_colors_info=\u00bb{}\u00bb][et_pb_fullwidth_slider _builder_version=\u00bb4.27.2&#8243; _module_preset=\u00bbdefault\u00bb auto=\u00bbon\u00bb global_colors_info=\u00bb{}\u00bb][et_pb_slide heading=\u00bbMANTENIMIENTO DE TABLEROS EL\u00c9CTRICOS\u00bb button_text=\u00bbCONOCER M\u00c1S\u00bb button_link=\u00bb@ET-DC@eyJkeW5hbWljIjp0cnVlLCJjb250ZW50IjoicG9zdF9saW5rX3VybF9wYWdlIiwic2V0dGluZ3MiOnsicG9zdF9pZCI6IjMxIn19@\u00bb use_bg_overlay=\u00bbon\u00bb bg_overlay_color=\u00bbrgba(112,112,112,0.65)\u00bb _builder_version=\u00bb4.27.2&#8243; _dynamic_attributes=\u00bbbutton_link\u00bb _module_preset=\u00bbdefault\u00bb background_enable_color=\u00bboff\u00bb background_image=\u00bbhttps:\/\/ingmyd.cl\/wp-content\/uploads\/2025\/07\/composicion-con-tableta-digital-y-elementos-de-trabajo-de-electricista-scaled.jpg\u00bb background_enable_image=\u00bbon\u00bb parallax=\u00bbon\u00bb global_colors_info=\u00bb{}\u00bb sticky_transition=\u00bbon\u00bb]<\/p>\n<p>Nos especializamos en el mantenimiento preventivo y correctivo de tableros el\u00e9ctricos, garantizando la continuidad operativa y la seguridad de tus instalaciones. Contamos con personal calificado, tecnolog\u00eda de punta y un compromiso firme con la calidad y la eficiencia.<\/p>\n<p>[\/et_pb_slide][et_pb_slide heading=\u00bbAUTOMATIZACI\u00d3N\u00bb use_bg_overlay=\u00bbon\u00bb _builder_version=\u00bb4.27.2&#8243; _module_preset=\u00bbdefault\u00bb body_font_size=\u00bb18px\u00bb background_enable_color=\u00bboff\u00bb background_image=\u00bbhttps:\/\/ingmyd.cl\/wp-content\/uploads\/2025\/07\/IMG_9828-scaled.jpg\u00bb background_enable_image=\u00bbon\u00bb global_colors_info=\u00bb{}\u00bb sticky_transition=\u00bbon\u00bb]<\/p>\n<p>Optimizamos tus procesos con soluciones inteligentes, seguras y a medida.<\/p>\n<p>[\/et_pb_slide][et_pb_slide heading=\u00bbANALISIS DE TABLEROS EL\u00c9CTRICOS\u00bb button_text=\u00bbCONTACTANOS\u00bb button_link=\u00bb@ET-DC@eyJkeW5hbWljIjp0cnVlLCJjb250ZW50IjoicG9zdF9saW5rX3VybF9wYWdlIiwic2V0dGluZ3MiOnsicG9zdF9pZCI6IjM1In19@\u00bb use_bg_overlay=\u00bbon\u00bb bg_overlay_color=\u00bbrgba(61,61,61,0.48)\u00bb _builder_version=\u00bb4.27.2&#8243; _dynamic_attributes=\u00bbbutton_link\u00bb _module_preset=\u00bbdefault\u00bb body_font_size=\u00bb18px\u00bb background_enable_color=\u00bboff\u00bb background_image=\u00bbhttps:\/\/ingmyd.cl\/wp-content\/uploads\/2025\/07\/sirva-un-tecnico-electrico-que-trabaja-en-una-centralita-con-fusibles-scaled.jpg\u00bb background_enable_image=\u00bbon\u00bb parallax=\u00bbon\u00bb global_colors_info=\u00bb{}\u00bb sticky_transition=\u00bbon\u00bb]<\/p>\n<p>Realizamos an\u00e1lisis completos de tableros el\u00e9ctricos para detectar fallas, prevenir riesgos y optimizar el rendimiento de tus sistemas. Utilizamos herramientas avanzadas y expertos certificados para brindarte informaci\u00f3n clara, confiable y accionable.<\/p>\n<p>[\/et_pb_slide][et_pb_slide heading=\u00bbINSTRUMENTACI\u00d3N\u00bb use_bg_overlay=\u00bbon\u00bb _builder_version=\u00bb4.27.2&#8243; _module_preset=\u00bbdefault\u00bb body_font_size=\u00bb18px\u00bb background_enable_color=\u00bboff\u00bb background_image=\u00bbhttps:\/\/ingmyd.cl\/wp-content\/uploads\/2025\/07\/IMG_4789-scaled.jpg\u00bb background_enable_image=\u00bbon\u00bb global_colors_info=\u00bb{}\u00bb sticky_transition=\u00bbon\u00bb]<\/p>\n<p>Medici\u00f3n precisa para un control eficiente: tecnolog\u00eda que impulsa tus procesos.<\/p>\n<p>[\/et_pb_slide][\/et_pb_fullwidth_slider][\/et_pb_section][et_pb_section fb_built=\u00bb1&#8243; _builder_version=\u00bb4.27.2&#8243; _module_preset=\u00bbdefault\u00bb global_colors_info=\u00bb{}\u00bb][et_pb_row _builder_version=\u00bb4.27.2&#8243; _module_preset=\u00bbdefault\u00bb global_colors_info=\u00bb{}\u00bb][et_pb_column type=\u00bb4_4&#8243; _builder_version=\u00bb4.27.2&#8243; _module_preset=\u00bbdefault\u00bb global_colors_info=\u00bb{}\u00bb][et_pb_heading title=\u00bbSERVICIOS\u00bb _builder_version=\u00bb4.27.2&#8243; _module_preset=\u00bbdefault\u00bb title_font=\u00bb|700|||||||\u00bb title_text_align=\u00bbcenter\u00bb global_colors_info=\u00bb{}\u00bb][\/et_pb_heading][\/et_pb_column][\/et_pb_row][et_pb_row column_structure=\u00bb1_4,1_4,1_4,1_4&#8243; _builder_version=\u00bb4.27.2&#8243; _module_preset=\u00bbdefault\u00bb global_colors_info=\u00bb{}\u00bb][et_pb_column type=\u00bb1_4&#8243; _builder_version=\u00bb4.27.2&#8243; _module_preset=\u00bbdefault\u00bb global_colors_info=\u00bb{}\u00bb][et_pb_blurb title=\u00bbDise\u00f1o y Construcci\u00f3n de Tablero El\u00e9ctricos\u00bb use_icon=\u00bbon\u00bb font_icon=\u00bb&#xf0ad;||fa||900&#8243; icon_color=\u00bb#71CAE5&#8243; _builder_version=\u00bb4.27.2&#8243; _module_preset=\u00bbdefault\u00bb header_line_height=\u00bb1.5em\u00bb text_orientation=\u00bbcenter\u00bb global_colors_info=\u00bb{}\u00bb][\/et_pb_blurb][\/et_pb_column][et_pb_column type=\u00bb1_4&#8243; _builder_version=\u00bb4.27.2&#8243; _module_preset=\u00bbdefault\u00bb global_colors_info=\u00bb{}\u00bb][et_pb_blurb title=\u00bbAutomatizaci\u00f3n y Control Industrial\u00bb use_icon=\u00bbon\u00bb font_icon=\u00bb&#xf275;||fa||900&#8243; icon_color=\u00bb#000000&#8243; _builder_version=\u00bb4.27.2&#8243; _module_preset=\u00bbdefault\u00bb header_line_height=\u00bb1.5em\u00bb text_orientation=\u00bbcenter\u00bb global_colors_info=\u00bb{}\u00bb][\/et_pb_blurb][\/et_pb_column][et_pb_column type=\u00bb1_4&#8243; _builder_version=\u00bb4.27.2&#8243; _module_preset=\u00bbdefault\u00bb global_colors_info=\u00bb{}\u00bb][et_pb_blurb title=\u00bbAn\u00e1lisis de Calidad de Energ\u00eda.\u00bb use_icon=\u00bbon\u00bb font_icon=\u00bb&#xf200;||fa||900&#8243; icon_color=\u00bb#71CAE5&#8243; _builder_version=\u00bb4.27.2&#8243; _module_preset=\u00bbdefault\u00bb header_line_height=\u00bb1.4em\u00bb text_orientation=\u00bbcenter\u00bb global_colors_info=\u00bb{}\u00bb][\/et_pb_blurb][\/et_pb_column][et_pb_column type=\u00bb1_4&#8243; _builder_version=\u00bb4.27.2&#8243; _module_preset=\u00bbdefault\u00bb global_colors_info=\u00bb{}\u00bb][et_pb_blurb title=\u00bbAn\u00e1lisis termogr\u00e1fico de Tableros El\u00e9ctricos\u00bb use_icon=\u00bbon\u00bb font_icon=\u00bb&#xf1fe;||fa||900&#8243; icon_color=\u00bb#000000&#8243; _builder_version=\u00bb4.27.2&#8243; _module_preset=\u00bbdefault\u00bb header_line_height=\u00bb1.5em\u00bb text_orientation=\u00bbcenter\u00bb global_colors_info=\u00bb{}\u00bb][\/et_pb_blurb][\/et_pb_column][\/et_pb_row][et_pb_row _builder_version=\u00bb4.27.2&#8243; _module_preset=\u00bbdefault\u00bb column_structure=\u00bb1_5,1_5,1_5,1_5,1_5&#8243;][et_pb_column _builder_version=\u00bb4.27.2&#8243; _module_preset=\u00bbdefault\u00bb type=\u00bb1_5&#8243;][et_pb_blurb title=\u00bbMantenimiento de Tableros El\u00e9ctricos.\u00bb use_icon=\u00bbon\u00bb font_icon=\u00bb&#xf0b1;||fa||900&#8243; icon_color=\u00bb#71CAE5&#8243; _builder_version=\u00bb4.27.2&#8243; _module_preset=\u00bbdefault\u00bb header_line_height=\u00bb1.5em\u00bb text_orientation=\u00bbcenter\u00bb global_colors_info=\u00bb{}\u00bb][\/et_pb_blurb][\/et_pb_column][et_pb_column _builder_version=\u00bb4.27.2&#8243; _module_preset=\u00bbdefault\u00bb type=\u00bb1_5&#8243;][et_pb_blurb title=\u00bbDise\u00f1o, instalaci\u00f3n y configuraci\u00f3n de Sistemas CCTV.\u00bb use_icon=\u00bbon\u00bb font_icon=\u00bb&#xf03d;||fa||900&#8243; icon_color=\u00bb#000000&#8243; _builder_version=\u00bb4.27.2&#8243; _module_preset=\u00bbdefault\u00bb header_line_height=\u00bb1.5em\u00bb text_orientation=\u00bbcenter\u00bb global_colors_info=\u00bb{}\u00bb][\/et_pb_blurb][\/et_pb_column][et_pb_column _builder_version=\u00bb4.27.2&#8243; _module_preset=\u00bbdefault\u00bb type=\u00bb1_5&#8243;][et_pb_blurb title=\u00bbDise\u00f1o, instalaci\u00f3n y configuraci\u00f3n de comunicaci\u00f3n en Fibra \u00f3ptica.\u00bb use_icon=\u00bbon\u00bb font_icon=\u00bb&#xf6ff;||fa||900&#8243; icon_color=\u00bb#71CAE5&#8243; _builder_version=\u00bb4.27.2&#8243; _module_preset=\u00bbdefault\u00bb header_line_height=\u00bb1.5em\u00bb text_orientation=\u00bbcenter\u00bb global_colors_info=\u00bb{}\u00bb][\/et_pb_blurb][\/et_pb_column][et_pb_column _builder_version=\u00bb4.27.2&#8243; _module_preset=\u00bbdefault\u00bb type=\u00bb1_5&#8243;][et_pb_blurb title=\u00bbInstalaciones El\u00e9ctricas industriales.\u00bb use_icon=\u00bbon\u00bb font_icon=\u00bb&#xf0e7;||fa||900&#8243; icon_color=\u00bb#000000&#8243; _builder_version=\u00bb4.27.2&#8243; _module_preset=\u00bbdefault\u00bb header_line_height=\u00bb1.5em\u00bb text_orientation=\u00bbcenter\u00bb global_colors_info=\u00bb{}\u00bb][\/et_pb_blurb][\/et_pb_column][et_pb_column _builder_version=\u00bb4.27.2&#8243; _module_preset=\u00bbdefault\u00bb type=\u00bb1_5&#8243;][et_pb_blurb title=\u00bbRegistro de datos en la nube\u00bb use_icon=\u00bbon\u00bb font_icon=\u00bb&#xf382;||fa||900&#8243; icon_color=\u00bb#000000&#8243; _builder_version=\u00bb4.27.2&#8243; _module_preset=\u00bbdefault\u00bb header_line_height=\u00bb1.5em\u00bb text_orientation=\u00bbcenter\u00bb hover_enabled=\u00bb0&#8243; global_colors_info=\u00bb{}\u00bb sticky_enabled=\u00bb0&#8243;][\/et_pb_blurb][\/et_pb_column][\/et_pb_row][et_pb_row _builder_version=\u00bb4.27.2&#8243; _module_preset=\u00bbdefault\u00bb global_colors_info=\u00bb{}\u00bb][et_pb_column type=\u00bb4_4&#8243; _builder_version=\u00bb4.27.2&#8243; _module_preset=\u00bbdefault\u00bb global_colors_info=\u00bb{}\u00bb][et_pb_button button_url=\u00bb@ET-DC@eyJkeW5hbWljIjp0cnVlLCJjb250ZW50IjoicG9zdF9saW5rX3VybF9wYWdlIiwic2V0dGluZ3MiOnsicG9zdF9pZCI6IjMxIn19@\u00bb button_text=\u00bbSABER M\u00c1S\u00bb button_alignment=\u00bbcenter\u00bb _builder_version=\u00bb4.27.2&#8243; _dynamic_attributes=\u00bbbutton_url\u00bb _module_preset=\u00bbdefault\u00bb custom_button=\u00bbon\u00bb button_text_size=\u00bb26px\u00bb button_text_color=\u00bb#FFFFFF\u00bb button_bg_color=\u00bb#71CAE5&#8243; button_border_radius=\u00bb10px\u00bb custom_margin=\u00bb||||false|false\u00bb custom_padding=\u00bb|50px||50px|false|false\u00bb global_colors_info=\u00bb{}\u00bb][\/et_pb_button][\/et_pb_column][\/et_pb_row][\/et_pb_section][et_pb_section fb_built=\u00bb1&#8243; fullwidth=\u00bbon\u00bb _builder_version=\u00bb4.27.2&#8243; _module_preset=\u00bbdefault\u00bb background_color=\u00bb#71CAE5&#8243; global_colors_info=\u00bb{}\u00bb][et_pb_fullwidth_slider _builder_version=\u00bb4.27.2&#8243; _module_preset=\u00bbdefault\u00bb custom_button=\u00bbon\u00bb button_text_color=\u00bb#FFFFFF\u00bb button_bg_color=\u00bb#000000&#8243; button_border_width=\u00bb0px\u00bb button_border_radius=\u00bb5px\u00bb custom_padding=\u00bb98px||81px|||\u00bb global_colors_info=\u00bb{}\u00bb][et_pb_slide heading=\u00bbSOMOS\u00bb button_text=\u00bbCONT\u00c1CTANOS\u00bb button_link=\u00bb@ET-DC@eyJkeW5hbWljIjp0cnVlLCJjb250ZW50IjoicG9zdF9saW5rX3VybF9wYWdlIiwic2V0dGluZ3MiOnsicG9zdF9pZCI6IjM1In19@\u00bb image=\u00bbhttps:\/\/ingmyd.cl\/wp-content\/uploads\/2025\/07\/logo-06-scaled.png\u00bb _builder_version=\u00bb4.27.2&#8243; _dynamic_attributes=\u00bbbutton_link\u00bb _module_preset=\u00bbdefault\u00bb header_font=\u00bb|700|||||||\u00bb background_color=\u00bb#71CAE5&#8243; background_enable_color=\u00bbon\u00bb text_orientation=\u00bbleft\u00bb background_layout=\u00bblight\u00bb global_colors_info=\u00bb{}\u00bb sticky_transition=\u00bbon\u00bb]<\/p>\n<p>Somos una empresa en expansi\u00f3n con base en <strong data-start=\"178\" data-end=\"222\">Puerto Montt, Regi\u00f3n de Los Lagos, Chile<\/strong>, dedicada a ofrecer soluciones el\u00e9ctricas, de montaje e ingenier\u00eda con alto est\u00e1ndar profesional. Nos especializamos en dise\u00f1o y construcci\u00f3n de tableros el\u00e9ctricos, automatizaci\u00f3n industrial, an\u00e1lisis de energ\u00eda, termograf\u00eda, instalaciones el\u00e9ctricas, CCTV y fibra \u00f3ptica. Nuestro compromiso con la calidad y la seguridad nos ha posicionado como un actor en constante crecimiento en el rubro local, cumpliendo con la normativa el\u00e9ctrica RIC vigente desde 2021.<\/p>\n<p>[\/et_pb_slide][\/et_pb_fullwidth_slider][\/et_pb_section][et_pb_section fb_built=\u00bb1&#8243; fullwidth=\u00bbon\u00bb _builder_version=\u00bb4.27.2&#8243; _module_preset=\u00bbdefault\u00bb bottom_divider_style=\u00bbarrow2&#8243; bottom_divider_color=\u00bb#FFFFFF\u00bb global_colors_info=\u00bb{}\u00bb][et_pb_fullwidth_slider _builder_version=\u00bb4.27.2&#8243; _module_preset=\u00bbdefault\u00bb custom_padding=\u00bb165px|||||\u00bb global_colors_info=\u00bb{}\u00bb][et_pb_slide heading=\u00bb%22Potenciamos tu energ\u00eda, cuidamos tus sistemas \u2013 MYD%22&#8243; use_bg_overlay=\u00bbon\u00bb _builder_version=\u00bb4.27.2&#8243; _module_preset=\u00bbdefault\u00bb header_font=\u00bb||on||||||\u00bb background_enable_color=\u00bboff\u00bb background_image=\u00bbhttps:\/\/ingmyd.cl\/wp-content\/uploads\/2025\/07\/vista-de-un-ingeniero-masculino-en-el-trabajo-para-la-celebracion-del-dia-de-los-ingenieros-scaled.jpg\u00bb background_enable_image=\u00bbon\u00bb parallax=\u00bbon\u00bb header_text_shadow_style=\u00bbpreset1&#8243; global_colors_info=\u00bb{}\u00bb sticky_transition=\u00bbon\u00bb][\/et_pb_slide][\/et_pb_fullwidth_slider][\/et_pb_section][et_pb_section fb_built=\u00bb1&#8243; _builder_version=\u00bb4.27.2&#8243; _module_preset=\u00bbdefault\u00bb global_colors_info=\u00bb{}\u00bb][et_pb_row column_structure=\u00bb1_3,1_3,1_3&#8243; _builder_version=\u00bb4.27.2&#8243; _module_preset=\u00bbdefault\u00bb global_colors_info=\u00bb{}\u00bb][et_pb_column type=\u00bb1_3&#8243; _builder_version=\u00bb4.27.2&#8243; _module_preset=\u00bbdefault\u00bb global_colors_info=\u00bb{}\u00bb][et_pb_blurb title=\u00bbCompromiso Regional\u00bb use_icon=\u00bbon\u00bb font_icon=\u00bb&#xf57c;||fa||900&#8243; icon_color=\u00bb#000000&#8243; _builder_version=\u00bb4.27.2&#8243; _module_preset=\u00bbdefault\u00bb header_font=\u00bb|700|||||||\u00bb text_orientation=\u00bbcenter\u00bb global_colors_info=\u00bb{}\u00bb]<\/p>\n<p>Estamos orgullosos de contribuir al desarrollo industrial de la Regi\u00f3n de Los Lagos. Cada proyecto refleja nuestra dedicaci\u00f3n por entregar soluciones confiables, adaptadas a las necesidades locales y a los m\u00e1s altos est\u00e1ndares del rubro.<\/p>\n<p>[\/et_pb_blurb][\/et_pb_column][et_pb_column type=\u00bb1_3&#8243; _builder_version=\u00bb4.27.2&#8243; _module_preset=\u00bbdefault\u00bb global_colors_info=\u00bb{}\u00bb][et_pb_blurb title=\u00bbExperiencia en Terreno\u00bb use_icon=\u00bbon\u00bb font_icon=\u00bb&#xf59f;||fa||900&#8243; icon_color=\u00bb#71CAE5&#8243; _builder_version=\u00bb4.27.2&#8243; _module_preset=\u00bbdefault\u00bb header_font=\u00bb|700|||||||\u00bb text_orientation=\u00bbcenter\u00bb global_colors_info=\u00bb{}\u00bb]<\/p>\n<p>Conocemos la realidad productiva del sur de Chile. Nuestro equipo t\u00e9cnico trabaja codo a codo con empresas de la regi\u00f3n, entendiendo sus desaf\u00edos y respondiendo con tecnolog\u00eda que mejora la eficiencia y la seguridad de sus procesos.<\/p>\n<p>[\/et_pb_blurb][\/et_pb_column][et_pb_column type=\u00bb1_3&#8243; _builder_version=\u00bb4.27.2&#8243; _module_preset=\u00bbdefault\u00bb global_colors_info=\u00bb{}\u00bb][et_pb_blurb title=\u00bbCasos de \u00c9xito Locales\u00bb use_icon=\u00bbon\u00bb font_icon=\u00bb&#xf164;||fa||900&#8243; icon_color=\u00bb#000000&#8243; _builder_version=\u00bb4.27.2&#8243; _module_preset=\u00bbdefault\u00bb header_font=\u00bb|700|||||||\u00bb text_orientation=\u00bbcenter\u00bb global_colors_info=\u00bb{}\u00bb]<\/p>\n<p>Hemos ejecutado soluciones de automatizaci\u00f3n en diversas industrias de Puerto Montt y alrededores: salmoneras, plantas de procesos, energ\u00eda y m\u00e1s. Cada implementaci\u00f3n es una muestra concreta de nuestra capacidad y compromiso.<\/p>\n<p>[\/et_pb_blurb][\/et_pb_column][\/et_pb_row][\/et_pb_section][et_pb_section fb_built=\u00bb1&#8243; _builder_version=\u00bb4.27.2&#8243; _module_preset=\u00bbdefault\u00bb background_color=\u00bb#000000&#8243; custom_padding=\u00bb||7px|||\u00bb global_colors_info=\u00bb{}\u00bb][et_pb_row use_custom_gutter=\u00bbon\u00bb gutter_width=\u00bb2&#8243; _builder_version=\u00bb4.27.2&#8243; _module_preset=\u00bbdefault\u00bb max_width=\u00bb2560px\u00bb global_colors_info=\u00bb{}\u00bb][et_pb_column type=\u00bb4_4&#8243; _builder_version=\u00bb4.27.2&#8243; _module_preset=\u00bbdefault\u00bb global_colors_info=\u00bb{}\u00bb][et_pb_gallery gallery_ids=\u00bb112,113,114,115,116,117,118,119,120,121,122,123,124,125,126,127,128,129,130&#8243; posts_number=\u00bb8&#8243; show_title_and_caption=\u00bboff\u00bb zoom_icon_color=\u00bb#000000&#8243; hover_overlay_color=\u00bbrgba(113,202,229,0.52)\u00bb _builder_version=\u00bb4.27.2&#8243; _module_preset=\u00bbdefault\u00bb custom_padding=\u00bb||0px|||\u00bb border_radii_image=\u00bbon|11px|11px|11px|11px\u00bb border_color_all_image=\u00bb#71CAE5&#8243; global_colors_info=\u00bb{}\u00bb][\/et_pb_gallery][\/et_pb_column][\/et_pb_row][\/et_pb_section][et_pb_section fb_built=\u00bb1&#8243; fullwidth=\u00bbon\u00bb prev_background_color=\u00bb#000000&#8243; _builder_version=\u00bb4.27.2&#8243; _module_preset=\u00bbdefault\u00bb top_divider_style=\u00bbmountains\u00bb global_colors_info=\u00bb{}\u00bb][et_pb_fullwidth_slider _builder_version=\u00bb4.27.2&#8243; _module_preset=\u00bbdefault\u00bb background_color=\u00bb#afc946&#8243; custom_button=\u00bbon\u00bb button_text_size=\u00bb33px\u00bb button_text_color=\u00bb#FFFFFF\u00bb button_bg_color=\u00bb#000000&#8243; button_border_width=\u00bb0px\u00bb button_border_radius=\u00bb10px\u00bb button_icon=\u00bb&#xf87b;||fa||900&#8243; button_icon_placement=\u00bbleft\u00bb button_on_hover=\u00bboff\u00bb custom_padding=\u00bb160px||183px|||\u00bb global_colors_info=\u00bb{}\u00bb][et_pb_slide heading=\u00bbCONTACTO DIRECTO\u00bb button_text=\u00bbESCRIBEME\u00bb button_link=\u00bbhttps:\/\/api.whatsapp.com\/send?phone=56997032762&#038;text=hola\u00bb _builder_version=\u00bb4.27.2&#8243; _module_preset=\u00bbdefault\u00bb header_font=\u00bb|700|||||||\u00bb background_layout=\u00bblight\u00bb global_colors_info=\u00bb{}\u00bb sticky_transition=\u00bbon\u00bb]<\/p>\n<h4>\u00bfNecesitas una soluci\u00f3n el\u00e9ctrica confiable?<\/h4>\n<p>Te responderemos a la brevedad.<\/p>\n<p>[\/et_pb_slide][\/et_pb_fullwidth_slider][\/et_pb_section]<\/p>\n","protected":false},"excerpt":{"rendered":"<p>Nos especializamos en el mantenimiento preventivo y correctivo de tableros el\u00e9ctricos, garantizando la continuidad operativa y la seguridad de tus instalaciones. Contamos con personal calificado, tecnolog\u00eda de punta y un compromiso firme con la calidad y la eficiencia.Optimizamos tus procesos con soluciones inteligentes, seguras y a medida.Realizamos an\u00e1lisis completos de tableros el\u00e9ctricos para detectar fallas, [&hellip;]<\/p>\n","protected":false},"author":1,"featured_media":0,"parent":0,"menu_order":0,"comment_status":"closed","ping_status":"closed","template":"","meta":{"_et_pb_use_builder":"on","_et_pb_old_content":"<!-- wp:divi\/placeholder \/-->","_et_gb_content_width":"","footnotes":""},"class_list":["post-15","page","type-page","status-publish","hentry"],"yoast_head":"<!-- This site is optimized with the Yoast SEO plugin v25.5 - https:\/\/yoast.com\/wordpress\/plugins\/seo\/ -->\n<title>Inicio - MyD Ingenier\u00eda<\/title>\n<meta name=\"robots\" content=\"index, follow, max-snippet:-1, max-image-preview:large, max-video-preview:-1\" \/>\n<link rel=\"canonical\" href=\"https:\/\/ingmyd.cl\/\" \/>\n<meta property=\"og:locale\" content=\"es_ES\" \/>\n<meta property=\"og:type\" content=\"article\" \/>\n<meta property=\"og:title\" content=\"Inicio - MyD Ingenier\u00eda\" \/>\n<meta property=\"og:description\" content=\"Nos especializamos en el mantenimiento preventivo y correctivo de tableros el\u00e9ctricos, garantizando la continuidad operativa y la seguridad de tus instalaciones. Contamos con personal calificado, tecnolog\u00eda de punta y un compromiso firme con la calidad y la eficiencia.Optimizamos tus procesos con soluciones inteligentes, seguras y a medida.Realizamos an\u00e1lisis completos de tableros el\u00e9ctricos para detectar fallas, [&hellip;]\" \/>\n<meta property=\"og:url\" content=\"https:\/\/ingmyd.cl\/\" \/>\n<meta property=\"og:site_name\" content=\"MyD Ingenier\u00eda\" \/>\n<meta property=\"article:modified_time\" content=\"2025-07-16T17:27:23+00:00\" \/>\n<meta name=\"twitter:card\" content=\"summary_large_image\" \/>\n<meta name=\"twitter:label1\" content=\"Tiempo de lectura\" \/>\n\t<meta name=\"twitter:data1\" content=\"10 minutos\" \/>\n<script type=\"application\/ld+json\" class=\"yoast-schema-graph\">{\"@context\":\"https:\/\/schema.org\",\"@graph\":[{\"@type\":\"WebPage\",\"@id\":\"https:\/\/ingmyd.cl\/\",\"url\":\"https:\/\/ingmyd.cl\/\",\"name\":\"Inicio - MyD Ingenier\u00eda\",\"isPartOf\":{\"@id\":\"https:\/\/ingmyd.cl\/#website\"},\"datePublished\":\"2025-07-02T16:04:32+00:00\",\"dateModified\":\"2025-07-16T17:27:23+00:00\",\"breadcrumb\":{\"@id\":\"https:\/\/ingmyd.cl\/#breadcrumb\"},\"inLanguage\":\"es\",\"potentialAction\":[{\"@type\":\"ReadAction\",\"target\":[\"https:\/\/ingmyd.cl\/\"]}]},{\"@type\":\"BreadcrumbList\",\"@id\":\"https:\/\/ingmyd.cl\/#breadcrumb\",\"itemListElement\":[{\"@type\":\"ListItem\",\"position\":1,\"name\":\"Portada\",\"item\":\"https:\/\/ingmyd.cl\/\"},{\"@type\":\"ListItem\",\"position\":2,\"name\":\"Inicio\"}]},{\"@type\":\"WebSite\",\"@id\":\"https:\/\/ingmyd.cl\/#website\",\"url\":\"https:\/\/ingmyd.cl\/\",\"name\":\"MyD Ingenier\u00eda\",\"description\":\"Somos una empresa en expansi\u00f3n con base en Puerto Montt, Regi\u00f3n de Los Lagos, Chile, dedicada a ofrecer soluciones el\u00e9ctricas, de montaje e ingenier\u00eda con alto est\u00e1ndar profesional.\",\"publisher\":{\"@id\":\"https:\/\/ingmyd.cl\/#organization\"},\"potentialAction\":[{\"@type\":\"SearchAction\",\"target\":{\"@type\":\"EntryPoint\",\"urlTemplate\":\"https:\/\/ingmyd.cl\/?s={search_term_string}\"},\"query-input\":{\"@type\":\"PropertyValueSpecification\",\"valueRequired\":true,\"valueName\":\"search_term_string\"}}],\"inLanguage\":\"es\"},{\"@type\":\"Organization\",\"@id\":\"https:\/\/ingmyd.cl\/#organization\",\"name\":\"MyD Ingenier\u00eda\",\"url\":\"https:\/\/ingmyd.cl\/\",\"logo\":{\"@type\":\"ImageObject\",\"inLanguage\":\"es\",\"@id\":\"https:\/\/ingmyd.cl\/#\/schema\/logo\/image\/\",\"url\":\"https:\/\/ingmyd.cl\/wp-content\/uploads\/2025\/07\/logo-01-scaled.png\",\"contentUrl\":\"https:\/\/ingmyd.cl\/wp-content\/uploads\/2025\/07\/logo-01-scaled.png\",\"width\":2560,\"height\":1017,\"caption\":\"MyD Ingenier\u00eda\"},\"image\":{\"@id\":\"https:\/\/ingmyd.cl\/#\/schema\/logo\/image\/\"}}]}<\/script>\n<!-- \/ Yoast SEO plugin. -->","yoast_head_json":{"title":"Inicio - MyD Ingenier\u00eda","robots":{"index":"index","follow":"follow","max-snippet":"max-snippet:-1","max-image-preview":"max-image-preview:large","max-video-preview":"max-video-preview:-1"},"canonical":"https:\/\/ingmyd.cl\/","og_locale":"es_ES","og_type":"article","og_title":"Inicio - MyD Ingenier\u00eda","og_description":"Nos especializamos en el mantenimiento preventivo y correctivo de tableros el\u00e9ctricos, garantizando la continuidad operativa y la seguridad de tus instalaciones. Contamos con personal calificado, tecnolog\u00eda de punta y un compromiso firme con la calidad y la eficiencia.Optimizamos tus procesos con soluciones inteligentes, seguras y a medida.Realizamos an\u00e1lisis completos de tableros el\u00e9ctricos para detectar fallas, [&hellip;]","og_url":"https:\/\/ingmyd.cl\/","og_site_name":"MyD Ingenier\u00eda","article_modified_time":"2025-07-16T17:27:23+00:00","twitter_card":"summary_large_image","twitter_misc":{"Tiempo de lectura":"10 minutos"},"schema":{"@context":"https:\/\/schema.org","@graph":[{"@type":"WebPage","@id":"https:\/\/ingmyd.cl\/","url":"https:\/\/ingmyd.cl\/","name":"Inicio - MyD Ingenier\u00eda","isPartOf":{"@id":"https:\/\/ingmyd.cl\/#website"},"datePublished":"2025-07-02T16:04:32+00:00","dateModified":"2025-07-16T17:27:23+00:00","breadcrumb":{"@id":"https:\/\/ingmyd.cl\/#breadcrumb"},"inLanguage":"es","potentialAction":[{"@type":"ReadAction","target":["https:\/\/ingmyd.cl\/"]}]},{"@type":"BreadcrumbList","@id":"https:\/\/ingmyd.cl\/#breadcrumb","itemListElement":[{"@type":"ListItem","position":1,"name":"Portada","item":"https:\/\/ingmyd.cl\/"},{"@type":"ListItem","position":2,"name":"Inicio"}]},{"@type":"WebSite","@id":"https:\/\/ingmyd.cl\/#website","url":"https:\/\/ingmyd.cl\/","name":"MyD Ingenier\u00eda","description":"Somos una empresa en expansi\u00f3n con base en Puerto Montt, Regi\u00f3n de Los Lagos, Chile, dedicada a ofrecer soluciones el\u00e9ctricas, de montaje e ingenier\u00eda con alto est\u00e1ndar profesional.","publisher":{"@id":"https:\/\/ingmyd.cl\/#organization"},"potentialAction":[{"@type":"SearchAction","target":{"@type":"EntryPoint","urlTemplate":"https:\/\/ingmyd.cl\/?s={search_term_string}"},"query-input":{"@type":"PropertyValueSpecification","valueRequired":true,"valueName":"search_term_string"}}],"inLanguage":"es"},{"@type":"Organization","@id":"https:\/\/ingmyd.cl\/#organization","name":"MyD Ingenier\u00eda","url":"https:\/\/ingmyd.cl\/","logo":{"@type":"ImageObject","inLanguage":"es","@id":"https:\/\/ingmyd.cl\/#\/schema\/logo\/image\/","url":"https:\/\/ingmyd.cl\/wp-content\/uploads\/2025\/07\/logo-01-scaled.png","contentUrl":"https:\/\/ingmyd.cl\/wp-content\/uploads\/2025\/07\/logo-01-scaled.png","width":2560,"height":1017,"caption":"MyD Ingenier\u00eda"},"image":{"@id":"https:\/\/ingmyd.cl\/#\/schema\/logo\/image\/"}}]}},"_links":{"self":[{"href":"https:\/\/ingmyd.cl\/index.php\/wp-json\/wp\/v2\/pages\/15","targetHints":{"allow":["GET"]}}],"collection":[{"href":"https:\/\/ingmyd.cl\/index.php\/wp-json\/wp\/v2\/pages"}],"about":[{"href":"https:\/\/ingmyd.cl\/index.php\/wp-json\/wp\/v2\/types\/page"}],"author":[{"embeddable":true,"href":"https:\/\/ingmyd.cl\/index.php\/wp-json\/wp\/v2\/users\/1"}],"replies":[{"embeddable":true,"href":"https:\/\/ingmyd.cl\/index.php\/wp-json\/wp\/v2\/comments?post=15"}],"version-history":[{"count":32,"href":"https:\/\/ingmyd.cl\/index.php\/wp-json\/wp\/v2\/pages\/15\/revisions"}],"predecessor-version":[{"id":141,"href":"https:\/\/ingmyd.cl\/index.php\/wp-json\/wp\/v2\/pages\/15\/revisions\/141"}],"wp:attachment":[{"href":"https:\/\/ingmyd.cl\/index.php\/wp-json\/wp\/v2\/media?parent=15"}],"curies":[{"name":"wp","href":"https:\/\/api.w.org\/{rel}","templated":true}]}}